{"id":19,"date":"2024-10-21T04:08:55","date_gmt":"2024-10-21T04:08:55","guid":{"rendered":"https:\/\/lolafondation.com\/?page_id=19"},"modified":"2024-11-05T10:01:52","modified_gmt":"2024-11-05T10:01:52","slug":"our-projects","status":"publish","type":"page","link":"https:\/\/lolafondation.com\/fr\/our-projects\/","title":{"rendered":"Nos projets"},"content":{"rendered":"<div data-elementor-type=\"wp-page\" data-elementor-id=\"19\" class=\"elementor elementor-19\" data-elementor-post-type=\"page\">\n\t\t\t\t\t\t<section class=\"elementor-section elementor-top-section elementor-element elementor-element-bdcd7bb elementor-section-height-min-height elementor-section-boxed elementor-section-height-default elementor-section-items-middle\" data-id=\"bdcd7bb\" data-element_type=\"section\" data-e-type=\"section\" data-settings=\"{&quot;jet_parallax_layout_list&quot;:[],&quot;background_background&quot;:&quot;classic&quot;}\">\n\t\t\t\t\t\t\t<div class=\"elementor-background-overlay\"><\/div>\n\t\t\t\t\t\t\t<div class=\"elementor-container elementor-column-gap-no\">\n\t\t\t\t\t<div class=\"elementor-column elementor-col-100 elementor-top-column elementor-element elementor-element-f112b4e\" data-id=\"f112b4e\" data-element_type=\"column\" data-e-type=\"column\">\n\t\t\t<div class=\"elementor-widget-wrap elementor-element-populated\">\n\t\t\t\t\t\t<div class=\"elementor-element elementor-element-f768997 elementor-widget elementor-widget-heading\" data-id=\"f768997\" data-element_type=\"widget\" data-e-type=\"widget\" data-widget_type=\"heading.default\">\n\t\t\t\t<div class=\"elementor-widget-container\">\n\t\t\t\t\t<h2 class=\"elementor-heading-title elementor-size-default\">Nos projets <\/h2>\t\t\t\t<\/div>\n\t\t\t\t<\/div>\n\t\t\t\t\t<\/div>\n\t\t<\/div>\n\t\t\t\t\t<\/div>\n\t\t<\/section>\n\t\t\t\t<section class=\"elementor-section elementor-top-section elementor-element elementor-element-6325934 elementor-section-boxed elementor-section-height-default elementor-section-height-default\" data-id=\"6325934\" data-element_type=\"section\" data-e-type=\"section\" data-settings=\"{&quot;jet_parallax_layout_list&quot;:[]}\">\n\t\t\t\t\t\t<div class=\"elementor-container elementor-column-gap-no\">\n\t\t\t\t\t<div class=\"elementor-column elementor-col-50 elementor-top-column elementor-element elementor-element-24c38ca\" data-id=\"24c38ca\" data-element_type=\"column\" data-e-type=\"column\">\n\t\t\t<div class=\"elementor-widget-wrap elementor-element-populated\">\n\t\t\t\t\t\t<div class=\"elementor-element elementor-element-cfabbef elementor-widget elementor-widget-image\" data-id=\"cfabbef\" data-element_type=\"widget\" data-e-type=\"widget\" data-widget_type=\"image.default\">\n\t\t\t\t<div class=\"elementor-widget-container\">\n\t\t\t\t\t\t\t\t\t\t\t\t\t\t\t<img fetchpriority=\"high\" decoding=\"async\" width=\"1502\" height=\"1490\" src=\"https:\/\/lolafondation.com\/wp-content\/uploads\/2024\/11\/Screenshot-2024-10-27-at-10.09.33\u0393CPM.png\" class=\"attachment-full size-full wp-image-2626\" alt=\"\" srcset=\"https:\/\/lolafondation.com\/wp-content\/uploads\/2024\/11\/Screenshot-2024-10-27-at-10.09.33\u0393CPM.png.webp 1502w, https:\/\/lolafondation.com\/wp-content\/uploads\/2024\/11\/Screenshot-2024-10-27-at-10.09.33\u0393CPM-300x298.png.webp 300w, https:\/\/lolafondation.com\/wp-content\/uploads\/2024\/11\/Screenshot-2024-10-27-at-10.09.33\u0393CPM-1024x1016.png.webp 1024w, https:\/\/lolafondation.com\/wp-content\/uploads\/2024\/11\/Screenshot-2024-10-27-at-10.09.33\u0393CPM-150x150.png.webp 150w, https:\/\/lolafondation.com\/wp-content\/uploads\/2024\/11\/Screenshot-2024-10-27-at-10.09.33\u0393CPM-768x762.png.webp 768w, https:\/\/lolafondation.com\/wp-content\/uploads\/2024\/11\/Screenshot-2024-10-27-at-10.09.33\u0393CPM-600x595.png.webp 600w, https:\/\/lolafondation.com\/wp-content\/uploads\/2024\/11\/Screenshot-2024-10-27-at-10.09.33\u0393CPM-100x100.png.webp 100w\" sizes=\"(max-width: 1502px) 100vw, 1502px\" \/>\t\t\t\t\t\t\t\t\t\t\t\t\t\t\t<\/div>\n\t\t\t\t<\/div>\n\t\t\t\t\t<\/div>\n\t\t<\/div>\n\t\t\t\t<div class=\"elementor-column elementor-col-50 elementor-top-column elementor-element elementor-element-2f3c54b\" data-id=\"2f3c54b\" data-element_type=\"column\" data-e-type=\"column\">\n\t\t\t<div class=\"elementor-widget-wrap elementor-element-populated\">\n\t\t\t\t\t\t<div class=\"elementor-element elementor-element-b28d756 elementor-widget elementor-widget-heading\" data-id=\"b28d756\" data-element_type=\"widget\" data-e-type=\"widget\" data-widget_type=\"heading.default\">\n\t\t\t\t<div class=\"elementor-widget-container\">\n\t\t\t\t\t<h2 class=\"elementor-heading-title elementor-size-default\">Introduction<\/h2>\t\t\t\t<\/div>\n\t\t\t\t<\/div>\n\t\t\t\t<div class=\"elementor-element elementor-element-115741e elementor-widget elementor-widget-text-editor\" data-id=\"115741e\" data-element_type=\"widget\" data-e-type=\"widget\" data-widget_type=\"text-editor.default\">\n\t\t\t\t<div class=\"elementor-widget-container\">\n\t\t\t\t\t\t\t\t\tNotre projet phare est l\u2019\u00e9tablissement d\u2019une biblioth\u00e8que communautaire con\u00e7ue pour r\u00e9pondre aux besoins \u00e9ducatifs des communaut\u00e9s d\u00e9favoris\u00e9es du Congo. Inspir\u00e9 par les exp\u00e9riences du fondateur \u00e0 Edmonton, au Canada, o\u00f9 les biblioth\u00e8ques publiques offrent un acc\u00e8s \u00e0 une grande diversit\u00e9 de livres, de technologies et de ressources communautaires, ce projet apporte ces m\u00eames opportunit\u00e9s au c\u0153ur de Kinshasa, permettant aux communaut\u00e9s locales de d\u00e9couvrir le pouvoir transformateur de l'\u00e9ducation.\t\t\t\t\t\t\t\t<\/div>\n\t\t\t\t<\/div>\n\t\t\t\t<div class=\"elementor-element elementor-element-3ffb737 elementor-tablet-align-center elementor-align-center elementor-widget elementor-widget-button\" data-id=\"3ffb737\" data-element_type=\"widget\" data-e-type=\"widget\" data-widget_type=\"button.default\">\n\t\t\t\t<div class=\"elementor-widget-container\">\n\t\t\t\t\t\t\t\t\t<div class=\"elementor-button-wrapper\">\n\t\t\t\t\t<a class=\"elementor-button elementor-button-link elementor-size-sm\" href=\"https:\/\/lolafondation.com\/fr\/get-involved\/\">\n\t\t\t\t\t\t<span class=\"elementor-button-content-wrapper\">\n\t\t\t\t\t\t\t\t\t<span class=\"elementor-button-text\">Contactez-Nous<\/span>\n\t\t\t\t\t<\/span>\n\t\t\t\t\t<\/a>\n\t\t\t\t<\/div>\n\t\t\t\t\t\t\t\t<\/div>\n\t\t\t\t<\/div>\n\t\t\t\t\t<\/div>\n\t\t<\/div>\n\t\t\t\t\t<\/div>\n\t\t<\/section>\n\t\t\t\t<section class=\"elementor-section elementor-top-section elementor-element elementor-element-083a641 elementor-section-boxed elementor-section-height-default elementor-section-height-default\" data-id=\"083a641\" data-element_type=\"section\" data-e-type=\"section\" data-settings=\"{&quot;jet_parallax_layout_list&quot;:[]}\">\n\t\t\t\t\t\t<div class=\"elementor-container elementor-column-gap-no\">\n\t\t\t\t\t<div class=\"elementor-column elementor-col-100 elementor-top-column elementor-element elementor-element-7d44d2a\" data-id=\"7d44d2a\" data-element_type=\"column\" data-e-type=\"column\">\n\t\t\t<div class=\"elementor-widget-wrap elementor-element-populated\">\n\t\t\t\t\t\t<div class=\"elementor-element elementor-element-b570dc9 elementor-widget elementor-widget-heading\" data-id=\"b570dc9\" data-element_type=\"widget\" data-e-type=\"widget\" data-widget_type=\"heading.default\">\n\t\t\t\t<div class=\"elementor-widget-container\">\n\t\t\t\t\t<h2 class=\"elementor-heading-title elementor-size-default\">Caract\u00e9ristiques principales :<\/h2>\t\t\t\t<\/div>\n\t\t\t\t<\/div>\n\t\t\t\t<section class=\"elementor-section elementor-inner-section elementor-element elementor-element-ec27d99 elementor-section-full_width elementor-reverse-mobile elementor-reverse-tablet elementor-reverse-mobile_extra elementor-section-height-default elementor-section-height-default\" data-id=\"ec27d99\" data-element_type=\"section\" data-e-type=\"section\" data-settings=\"{&quot;jet_parallax_layout_list&quot;:[]}\">\n\t\t\t\t\t\t<div class=\"elementor-container elementor-column-gap-no\">\n\t\t\t\t\t<div class=\"elementor-column elementor-col-50 elementor-inner-column elementor-element elementor-element-d8eeb70\" data-id=\"d8eeb70\" data-element_type=\"column\" data-e-type=\"column\">\n\t\t\t<div class=\"elementor-widget-wrap elementor-element-populated\">\n\t\t\t\t\t\t<div class=\"elementor-element elementor-element-1952ecf elementor-widget elementor-widget-text-editor\" data-id=\"1952ecf\" data-element_type=\"widget\" data-e-type=\"widget\" data-widget_type=\"text-editor.default\">\n\t\t\t\t<div class=\"elementor-widget-container\">\n\t\t\t\t\t\t\t\t\t<ul>\n \t<li style=\"font-weight: 400;\" aria-level=\"2\"><b>\tCollections de livres  :<\/b><span style=\"font-weight: 400;\"> Notre collection couvre diff\u00e9rents genres, langues et niveaux de lecture afin que chacun puisse trouver quelque chose de stimulant et d'utile. Des albums illustr\u00e9s color\u00e9s pour les jeunes enfants aux ouvrages acad\u00e9miques pour les \u00e9tudiants universitaires, la biblioth\u00e8que propose des ressources pour tous les \u00e2ges et niveaux \u00e9ducatifs. Nous privil\u00e9gions \u00e9galement la diversit\u00e9 en incluant des livres qui refl\u00e8tent \u00e0 la fois la culture congolaise et une perspective globale.<\/span><\/li>\n<\/ul>\t\t\t\t\t\t\t\t<\/div>\n\t\t\t\t<\/div>\n\t\t\t\t<div class=\"elementor-element elementor-element-f2d957f elementor-widget elementor-widget-text-editor\" data-id=\"f2d957f\" data-element_type=\"widget\" data-e-type=\"widget\" data-widget_type=\"text-editor.default\">\n\t\t\t\t<div class=\"elementor-widget-container\">\n\t\t\t\t\t\t\t\t\t<ul>\n \t<li style=\"font-weight: 400;\" aria-level=\"2\"><b>\tCentre d\u2019apprentissage num\u00e9rique :<\/b><span style=\"font-weight: 400;\"> Le Centre d\u2019apprentissage num\u00e9rique offrira non seulement un acc\u00e8s gratuit \u00e0 Internet, mais aussi des cours essentiels en litt\u00e9ratie num\u00e9rique et en comp\u00e9tences technologiques. Cet espace contribue \u00e0 r\u00e9duire la fracture num\u00e9rique en fournissant un acc\u00e8s \u00e0 des livres \u00e9lectroniques, \u00e0 des outils de recherche en ligne et \u00e0 des logiciels \u00e9ducatifs. Pour les adultes et les jeunes, cela offre une opportunit\u00e9 de d\u00e9velopper des comp\u00e9tences technologiques et d'acc\u00e9der \u00e0 l'\u00e9ducation en ligne, ouvrant ainsi la voie \u00e0 de nouvelles possibilit\u00e9s dans le monde num\u00e9rique d\u2019aujourd\u2019hui.<\/span><\/li>\n<\/ul>\t\t\t\t\t\t\t\t<\/div>\n\t\t\t\t<\/div>\n\t\t\t\t<div class=\"elementor-element elementor-element-cc9bdec elementor-widget elementor-widget-text-editor\" data-id=\"cc9bdec\" data-element_type=\"widget\" data-e-type=\"widget\" data-widget_type=\"text-editor.default\">\n\t\t\t\t<div class=\"elementor-widget-container\">\n\t\t\t\t\t\t\t\t\t<ul>\n \t<li style=\"font-weight: 400;\" aria-level=\"2\"><b>\tAteliers et programmes d\u2019alphab\u00e9tisation :<\/b><span style=\"font-weight: 400;\"> La biblioth\u00e8que proposera une grande vari\u00e9t\u00e9 de programmes et d\u2019ateliers adapt\u00e9s \u00e0 tous les \u00e2ges et \u00e0 tous les centres d\u2019int\u00e9r\u00eat. Pour les enfants, nous organisons des cercles de lecture et des s\u00e9ances de contes pour nourrir un amour des livres et de la pens\u00e9e cr\u00e9ative. Pour les adolescents et les adultes, nos ateliers STEM, nos programmes d\u2019apprentissage des langues et nos cours d\u2019\u00e9criture cr\u00e9ative d\u00e9velopperont la pens\u00e9e critique, la cr\u00e9ativit\u00e9 et des comp\u00e9tences pratiques. Ces programmes encouragent un apprentissage continu et une ouverture sur le monde.<\/span><\/li>\n<\/ul>\t\t\t\t\t\t\t\t<\/div>\n\t\t\t\t<\/div>\n\t\t\t\t\t<\/div>\n\t\t<\/div>\n\t\t\t\t<div class=\"elementor-column elementor-col-50 elementor-inner-column elementor-element elementor-element-dd43004\" data-id=\"dd43004\" data-element_type=\"column\" data-e-type=\"column\">\n\t\t\t<div class=\"elementor-widget-wrap elementor-element-populated\">\n\t\t\t\t\t\t<div class=\"elementor-element elementor-element-1593424 elementor-widget elementor-widget-image\" data-id=\"1593424\" data-element_type=\"widget\" data-e-type=\"widget\" data-widget_type=\"image.default\">\n\t\t\t\t<div class=\"elementor-widget-container\">\n\t\t\t\t\t\t\t\t\t\t\t\t\t\t\t<img decoding=\"async\" width=\"1482\" height=\"1480\" src=\"https:\/\/lolafondation.com\/wp-content\/uploads\/2024\/11\/Screenshot-2024-10-27-at-10.05.38\u0393CPM.png\" class=\"attachment-full size-full wp-image-2629\" alt=\"\" srcset=\"https:\/\/lolafondation.com\/wp-content\/uploads\/2024\/11\/Screenshot-2024-10-27-at-10.05.38\u0393CPM.png.webp 1482w, https:\/\/lolafondation.com\/wp-content\/uploads\/2024\/11\/Screenshot-2024-10-27-at-10.05.38\u0393CPM-300x300.png.webp 300w, https:\/\/lolafondation.com\/wp-content\/uploads\/2024\/11\/Screenshot-2024-10-27-at-10.05.38\u0393CPM-1024x1024.png.webp 1024w, https:\/\/lolafondation.com\/wp-content\/uploads\/2024\/11\/Screenshot-2024-10-27-at-10.05.38\u0393CPM-150x150.png.webp 150w, https:\/\/lolafondation.com\/wp-content\/uploads\/2024\/11\/Screenshot-2024-10-27-at-10.05.38\u0393CPM-768x767.png.webp 768w, https:\/\/lolafondation.com\/wp-content\/uploads\/2024\/11\/Screenshot-2024-10-27-at-10.05.38\u0393CPM-600x599.png.webp 600w, https:\/\/lolafondation.com\/wp-content\/uploads\/2024\/11\/Screenshot-2024-10-27-at-10.05.38\u0393CPM-100x100.png.webp 100w\" sizes=\"(max-width: 1482px) 100vw, 1482px\" \/>\t\t\t\t\t\t\t\t\t\t\t\t\t\t\t<\/div>\n\t\t\t\t<\/div>\n\t\t\t\t\t<\/div>\n\t\t<\/div>\n\t\t\t\t\t<\/div>\n\t\t<\/section>\n\t\t\t\t\t<\/div>\n\t\t<\/div>\n\t\t\t\t\t<\/div>\n\t\t<\/section>\n\t\t\t\t<section class=\"elementor-section elementor-top-section elementor-element elementor-element-8e2da2b elementor-section-boxed elementor-section-height-default elementor-section-height-default\" data-id=\"8e2da2b\" data-element_type=\"section\" data-e-type=\"section\" data-settings=\"{&quot;jet_parallax_layout_list&quot;:[]}\">\n\t\t\t\t\t\t<div class=\"elementor-container elementor-column-gap-no\">\n\t\t\t\t\t<div class=\"elementor-column elementor-col-100 elementor-top-column elementor-element elementor-element-334078a\" data-id=\"334078a\" data-element_type=\"column\" data-e-type=\"column\">\n\t\t\t<div class=\"elementor-widget-wrap elementor-element-populated\">\n\t\t\t\t\t\t<div class=\"elementor-element elementor-element-78e8e82 elementor-widget elementor-widget-text-editor\" data-id=\"78e8e82\" data-element_type=\"widget\" data-e-type=\"widget\" data-widget_type=\"text-editor.default\">\n\t\t\t\t<div class=\"elementor-widget-container\">\n\t\t\t\t\t\t\t\t\t<ul>\n \t<li style=\"font-weight: 400;\" aria-level=\"2\"><b> Services de biblioth\u00e8que mobile :<\/b><span style=\"font-weight: 400;\"> Afin de toucher m\u00eame les zones les plus recul\u00e9es, nous lan\u00e7ons un service de biblioth\u00e8que mobile qui apporte des livres et des ressources num\u00e9riques aux \u00e9coles et villages sans acc\u00e8s \u00e0 une biblioth\u00e8que. La biblioth\u00e8que mobile proposera des collections renouvel\u00e9es pour offrir des lectures vari\u00e9es et attrayantes, garantissant que l\u2019\u00e9ducation d\u00e9passe les murs de la biblioth\u00e8que. Gr\u00e2ce \u00e0 cette initiative, nous rendons l\u2019apprentissage accessible \u00e0 un plus grand nombre de personnes et inspirons une culture de lecture et de curiosit\u00e9 dans les r\u00e9gions o\u00f9 l\u2019infrastructure \u00e9ducative est limit\u00e9e.<\/span><\/li>\n<\/ul>\t\t\t\t\t\t\t\t<\/div>\n\t\t\t\t<\/div>\n\t\t\t\t<div class=\"elementor-element elementor-element-9f63e64 elementor-widget elementor-widget-text-editor\" data-id=\"9f63e64\" data-element_type=\"widget\" data-e-type=\"widget\" data-widget_type=\"text-editor.default\">\n\t\t\t\t<div class=\"elementor-widget-container\">\n\t\t\t\t\t\t\t\t\t<ul>\n \t<li style=\"font-weight: 400;\" aria-level=\"2\"><b>\u00c9v\u00e9nements communautaires et partenariats :<\/b><span style=\"font-weight: 400;\"> Nous croyons en la puissance de la communaut\u00e9 et de la collaboration. Notre biblioth\u00e8que travaillera en \u00e9troite collaboration avec les \u00e9coles locales, les organisations culturelles et les associations \u00e0 but non lucratif pour organiser des \u00e9v\u00e9nements tels que des festivals de contes, des journ\u00e9es de c\u00e9l\u00e9bration culturelle, des comp\u00e9titions acad\u00e9miques et des conf\u00e9rences. Ces \u00e9v\u00e9nements renforcent l\u2019esprit communautaire, c\u00e9l\u00e8brent les diverses perspectives et cr\u00e9ent un espace accueillant o\u00f9 le savoir et la culture se partagent. Les partenariats avec les institutions \u00e9ducatives et les organisations locales renforceront davantage l\u2019impact et la port\u00e9e de la biblioth\u00e8que.<\/span><\/li>\n<\/ul>\t\t\t\t\t\t\t\t<\/div>\n\t\t\t\t<\/div>\n\t\t\t\t\t<\/div>\n\t\t<\/div>\n\t\t\t\t\t<\/div>\n\t\t<\/section>\n\t\t\t\t<section class=\"elementor-section elementor-top-section elementor-element elementor-element-13083bc elementor-section-boxed elementor-section-height-default elementor-section-height-default\" data-id=\"13083bc\" data-element_type=\"section\" data-e-type=\"section\" data-settings=\"{&quot;jet_parallax_layout_list&quot;:[],&quot;background_background&quot;:&quot;classic&quot;}\">\n\t\t\t\t\t\t<div class=\"elementor-container elementor-column-gap-no\">\n\t\t\t\t\t<div class=\"elementor-column elementor-col-100 elementor-top-column elementor-element elementor-element-265b9d2\" data-id=\"265b9d2\" data-element_type=\"column\" data-e-type=\"column\">\n\t\t\t<div class=\"elementor-widget-wrap elementor-element-populated\">\n\t\t\t\t\t\t<div class=\"elementor-element elementor-element-4a0b34f elementor-widget elementor-widget-heading\" data-id=\"4a0b34f\" data-element_type=\"widget\" data-e-type=\"widget\" data-widget_type=\"heading.default\">\n\t\t\t\t<div class=\"elementor-widget-container\">\n\t\t\t\t\t<h2 class=\"elementor-heading-title elementor-size-default\">Avantages suppl\u00e9mentaires<\/h2>\t\t\t\t<\/div>\n\t\t\t\t<\/div>\n\t\t\t\t<section class=\"elementor-section elementor-inner-section elementor-element elementor-element-2491749 elementor-section-full_width elementor-section-height-default elementor-section-height-default\" data-id=\"2491749\" data-element_type=\"section\" data-e-type=\"section\" data-settings=\"{&quot;jet_parallax_layout_list&quot;:[]}\">\n\t\t\t\t\t\t<div class=\"elementor-container elementor-column-gap-no\">\n\t\t\t\t\t<div class=\"elementor-column elementor-col-50 elementor-inner-column elementor-element elementor-element-e952740\" data-id=\"e952740\" data-element_type=\"column\" data-e-type=\"column\">\n\t\t\t<div class=\"elementor-widget-wrap elementor-element-populated\">\n\t\t\t\t\t\t<div class=\"elementor-element elementor-element-201354f elementor-widget elementor-widget-image\" data-id=\"201354f\" data-element_type=\"widget\" data-e-type=\"widget\" data-widget_type=\"image.default\">\n\t\t\t\t<div class=\"elementor-widget-container\">\n\t\t\t\t\t\t\t\t\t\t\t\t\t\t\t<img decoding=\"async\" width=\"1488\" height=\"1480\" src=\"https:\/\/lolafondation.com\/wp-content\/uploads\/2024\/11\/Screenshot-2024-10-27-at-10.05.16\u0393CPM.png\" class=\"attachment-full size-full wp-image-2630\" alt=\"\" srcset=\"https:\/\/lolafondation.com\/wp-content\/uploads\/2024\/11\/Screenshot-2024-10-27-at-10.05.16\u0393CPM.png.webp 1488w, https:\/\/lolafondation.com\/wp-content\/uploads\/2024\/11\/Screenshot-2024-10-27-at-10.05.16\u0393CPM-300x298.png.webp 300w, https:\/\/lolafondation.com\/wp-content\/uploads\/2024\/11\/Screenshot-2024-10-27-at-10.05.16\u0393CPM-1024x1018.png.webp 1024w, https:\/\/lolafondation.com\/wp-content\/uploads\/2024\/11\/Screenshot-2024-10-27-at-10.05.16\u0393CPM-150x150.png.webp 150w, https:\/\/lolafondation.com\/wp-content\/uploads\/2024\/11\/Screenshot-2024-10-27-at-10.05.16\u0393CPM-768x764.png.webp 768w, https:\/\/lolafondation.com\/wp-content\/uploads\/2024\/11\/Screenshot-2024-10-27-at-10.05.16\u0393CPM-600x597.png.webp 600w, https:\/\/lolafondation.com\/wp-content\/uploads\/2024\/11\/Screenshot-2024-10-27-at-10.05.16\u0393CPM-100x100.png.webp 100w\" sizes=\"(max-width: 1488px) 100vw, 1488px\" \/>\t\t\t\t\t\t\t\t\t\t\t\t\t\t\t<\/div>\n\t\t\t\t<\/div>\n\t\t\t\t\t<\/div>\n\t\t<\/div>\n\t\t\t\t<div class=\"elementor-column elementor-col-50 elementor-inner-column elementor-element elementor-element-36a370b\" data-id=\"36a370b\" data-element_type=\"column\" data-e-type=\"column\">\n\t\t\t<div class=\"elementor-widget-wrap elementor-element-populated\">\n\t\t\t\t\t\t<div class=\"elementor-element elementor-element-58ec029 elementor-widget elementor-widget-text-editor\" data-id=\"58ec029\" data-element_type=\"widget\" data-e-type=\"widget\" data-widget_type=\"text-editor.default\">\n\t\t\t\t<div class=\"elementor-widget-container\">\n\t\t\t\t\t\t\t\t\t<ul>\n \t<li style=\"font-weight: 400;\" aria-level=\"2\"><b> Bourses et prix :<\/b><span style=\"font-weight: 400;\"> Pour encourager l'excellence acad\u00e9mique et l\u2019engagement envers l'alphab\u00e9tisation, la biblioth\u00e8que offrira de petites bourses et r\u00e9compenses aux \u00e9l\u00e8ves qui montrent des progr\u00e8s remarquables en lecture et des performances acad\u00e9miques exceptionnelles. Ces bourses motiveront les \u00e9l\u00e8ves \u00e0 exceller et r\u00e9compenseront leur d\u00e9vouement \u00e0 l\u2019apprentissage.<\/span><\/li>\n<\/ul>\t\t\t\t\t\t\t\t<\/div>\n\t\t\t\t<\/div>\n\t\t\t\t<div class=\"elementor-element elementor-element-5a12486 elementor-widget elementor-widget-text-editor\" data-id=\"5a12486\" data-element_type=\"widget\" data-e-type=\"widget\" data-widget_type=\"text-editor.default\">\n\t\t\t\t<div class=\"elementor-widget-container\">\n\t\t\t\t\t\t\t\t\t<ul>\n \t<li style=\"font-weight: 400;\" aria-level=\"2\"><b> Programmes de mentorat pour les jeunes:<\/b><span style=\"font-weight: 400;\"> Nous d\u00e9veloppons un programme de mentorat o\u00f9 des \u00e9tudiants universitaires et des professionnels locaux se portent volontaires pour accompagner de plus jeunes \u00e9l\u00e8ves. Cette initiative offrira conseils, encouragements et soutien aux jeunes de la communaut\u00e9, les aidant \u00e0 d\u00e9finir leurs objectifs, d\u00e9velopper leurs comp\u00e9tences et imaginer un avenir plein de possibilit\u00e9s.<\/span><\/li>\n<\/ul>\t\t\t\t\t\t\t\t<\/div>\n\t\t\t\t<\/div>\n\t\t\t\t<div class=\"elementor-element elementor-element-b4cae56 elementor-widget elementor-widget-text-editor\" data-id=\"b4cae56\" data-element_type=\"widget\" data-e-type=\"widget\" data-widget_type=\"text-editor.default\">\n\t\t\t\t<div class=\"elementor-widget-container\">\n\t\t\t\t\t\t\t\t\t<ul>\n \t<li style=\"font-weight: 400;\" aria-level=\"2\"><b> Espace s\u00fbr et inclusif :<\/b><span style=\"font-weight: 400;\"> Notre biblioth\u00e8que est con\u00e7ue pour \u00eatre plus qu\u2019un simple lieu de lecture ; c\u2019est un environnement s\u00fbr et inclusif o\u00f9 chacun, quel que soit son \u00e2ge ou son origine, se sent le bienvenu. C\u2019est un espace o\u00f9 les jeunes peuvent \u00e9tudier, les adultes peuvent acqu\u00e9rir de nouvelles comp\u00e9tences et tous peuvent trouver un sentiment de communaut\u00e9 et d\u2019appartenance.<\/span><\/li>\n<\/ul>\t\t\t\t\t\t\t\t<\/div>\n\t\t\t\t<\/div>\n\t\t\t\t\t<\/div>\n\t\t<\/div>\n\t\t\t\t\t<\/div>\n\t\t<\/section>\n\t\t\t\t\t<\/div>\n\t\t<\/div>\n\t\t\t\t\t<\/div>\n\t\t<\/section>\n\t\t\t\t<\/div>","protected":false},"excerpt":{"rendered":"<p>Our Projects Introduction Our flagship project is the establishment of a community library designed to address the educational needs of underprivileged communities in the Congo. Inspired by the founder&#8217;s experiences in Edmonton, Canada, where public libraries offer access to a diverse range of books, technology, and community resources, this project brings those same opportunities to [&hellip;]<\/p>\n","protected":false},"author":1,"featured_media":0,"parent":0,"menu_order":0,"comment_status":"closed","ping_status":"closed","template":"elementor_header_footer","meta":{"give_campaign_id":0,"footnotes":""},"class_list":["post-19","page","type-page","status-publish","hentry"],"campaignId":"","_links":{"self":[{"href":"https:\/\/lolafondation.com\/fr\/wp-json\/wp\/v2\/pages\/19","targetHints":{"allow":["GET"]}}],"collection":[{"href":"https:\/\/lolafondation.com\/fr\/wp-json\/wp\/v2\/pages"}],"about":[{"href":"https:\/\/lolafondation.com\/fr\/wp-json\/wp\/v2\/types\/page"}],"author":[{"embeddable":true,"href":"https:\/\/lolafondation.com\/fr\/wp-json\/wp\/v2\/users\/1"}],"replies":[{"embeddable":true,"href":"https:\/\/lolafondation.com\/fr\/wp-json\/wp\/v2\/comments?post=19"}],"version-history":[{"count":233,"href":"https:\/\/lolafondation.com\/fr\/wp-json\/wp\/v2\/pages\/19\/revisions"}],"predecessor-version":[{"id":2958,"href":"https:\/\/lolafondation.com\/fr\/wp-json\/wp\/v2\/pages\/19\/revisions\/2958"}],"wp:attachment":[{"href":"https:\/\/lolafondation.com\/fr\/wp-json\/wp\/v2\/media?parent=19"}],"curies":[{"name":"wp","href":"https:\/\/api.w.org\/{rel}","templated":true}]}}