{"id":17,"date":"2024-10-21T04:08:29","date_gmt":"2024-10-21T04:08:29","guid":{"rendered":"https:\/\/lolafondation.com\/?page_id=17"},"modified":"2024-11-05T09:59:51","modified_gmt":"2024-11-05T09:59:51","slug":"our-values","status":"publish","type":"page","link":"https:\/\/lolafondation.com\/fr\/our-values\/","title":{"rendered":"Nos valeurs"},"content":{"rendered":"<div data-elementor-type=\"wp-page\" data-elementor-id=\"17\" class=\"elementor elementor-17\" data-elementor-post-type=\"page\">\n\t\t\t\t\t\t<section class=\"elementor-section elementor-top-section elementor-element elementor-element-5bbcd10 elementor-section-height-min-height elementor-section-boxed elementor-section-height-default elementor-section-items-middle\" data-id=\"5bbcd10\" data-element_type=\"section\" data-e-type=\"section\" data-settings=\"{&quot;jet_parallax_layout_list&quot;:[],&quot;background_background&quot;:&quot;classic&quot;}\">\n\t\t\t\t\t\t\t<div class=\"elementor-background-overlay\"><\/div>\n\t\t\t\t\t\t\t<div class=\"elementor-container elementor-column-gap-no\">\n\t\t\t\t\t<div class=\"elementor-column elementor-col-100 elementor-top-column elementor-element elementor-element-72cfa45\" data-id=\"72cfa45\" data-element_type=\"column\" data-e-type=\"column\">\n\t\t\t<div class=\"elementor-widget-wrap elementor-element-populated\">\n\t\t\t\t\t\t<div class=\"elementor-element elementor-element-9d9b476 elementor-widget-laptop__width-initial elementor-widget__width-initial elementor-widget elementor-widget-heading\" data-id=\"9d9b476\" data-element_type=\"widget\" data-e-type=\"widget\" data-widget_type=\"heading.default\">\n\t\t\t\t<div class=\"elementor-widget-container\">\n\t\t\t\t\t<h2 class=\"elementor-heading-title elementor-size-default\">Nos valeurs<\/h2>\t\t\t\t<\/div>\n\t\t\t\t<\/div>\n\t\t\t\t\t<\/div>\n\t\t<\/div>\n\t\t\t\t\t<\/div>\n\t\t<\/section>\n\t\t\t\t<section class=\"elementor-section elementor-top-section elementor-element elementor-element-1cba2bd elementor-reverse-tablet elementor-reverse-mobile_extra elementor-reverse-mobile elementor-reverse-tablet_extra elementor-section-boxed elementor-section-height-default elementor-section-height-default\" data-id=\"1cba2bd\" data-element_type=\"section\" data-e-type=\"section\" data-settings=\"{&quot;jet_parallax_layout_list&quot;:[]}\">\n\t\t\t\t\t\t<div class=\"elementor-container elementor-column-gap-no\">\n\t\t\t\t\t<div class=\"elementor-column elementor-col-50 elementor-top-column elementor-element elementor-element-64d1a1c\" data-id=\"64d1a1c\" data-element_type=\"column\" data-e-type=\"column\">\n\t\t\t<div class=\"elementor-widget-wrap elementor-element-populated\">\n\t\t\t\t\t\t<div class=\"elementor-element elementor-element-b8e65c5 elementor-widget elementor-widget-heading\" data-id=\"b8e65c5\" data-element_type=\"widget\" data-e-type=\"widget\" data-widget_type=\"heading.default\">\n\t\t\t\t<div class=\"elementor-widget-container\">\n\t\t\t\t\t<h2 class=\"elementor-heading-title elementor-size-default\">Engagement communautaire :\n<\/h2>\t\t\t\t<\/div>\n\t\t\t\t<\/div>\n\t\t\t\t<div class=\"elementor-element elementor-element-4a4a87a elementor-widget elementor-widget-text-editor\" data-id=\"4a4a87a\" data-element_type=\"widget\" data-e-type=\"widget\" data-widget_type=\"text-editor.default\">\n\t\t\t\t<div class=\"elementor-widget-container\">\n\t\t\t\t\t\t\t\t\tNous croyons au pouvoir des communaut\u00e9s pour susciter des changements positifs en impliquant activement les voix locales dans nos programmes.\t\t\t\t\t\t\t\t<\/div>\n\t\t\t\t<\/div>\n\t\t\t\t<div class=\"elementor-element elementor-element-9f27a56 elementor-widget elementor-widget-heading\" data-id=\"9f27a56\" data-element_type=\"widget\" data-e-type=\"widget\" data-widget_type=\"heading.default\">\n\t\t\t\t<div class=\"elementor-widget-container\">\n\t\t\t\t\t<h2 class=\"elementor-heading-title elementor-size-default\">Inclusivit\u00e9 :\n<\/h2>\t\t\t\t<\/div>\n\t\t\t\t<\/div>\n\t\t\t\t<div class=\"elementor-element elementor-element-ad5a89f elementor-widget elementor-widget-text-editor\" data-id=\"ad5a89f\" data-element_type=\"widget\" data-e-type=\"widget\" data-widget_type=\"text-editor.default\">\n\t\t\t\t<div class=\"elementor-widget-container\">\n\t\t\t\t\t\t\t\t\tNos programmes sont con\u00e7us pour \u00e9liminer les barri\u00e8res et garantir que chacun, quel que soit son statut socio-\u00e9conomique, puisse en b\u00e9n\u00e9ficier.\t\t\t\t\t\t\t\t<\/div>\n\t\t\t\t<\/div>\n\t\t\t\t<div class=\"elementor-element elementor-element-4834848 elementor-widget elementor-widget-heading\" data-id=\"4834848\" data-element_type=\"widget\" data-e-type=\"widget\" data-widget_type=\"heading.default\">\n\t\t\t\t<div class=\"elementor-widget-container\">\n\t\t\t\t\t<h2 class=\"elementor-heading-title elementor-size-default\">Durabilit\u00e9 :\n<\/h2>\t\t\t\t<\/div>\n\t\t\t\t<\/div>\n\t\t\t\t<div class=\"elementor-element elementor-element-82ad28f elementor-widget elementor-widget-text-editor\" data-id=\"82ad28f\" data-element_type=\"widget\" data-e-type=\"widget\" data-widget_type=\"text-editor.default\">\n\t\t\t\t<div class=\"elementor-widget-container\">\n\t\t\t\t\t\t\t\t\tNous visons un impact \u00e0 long terme, avec des projets qui \u00e9voluent en fonction des besoins croissants de la communaut\u00e9.\t\t\t\t\t\t\t\t<\/div>\n\t\t\t\t<\/div>\n\t\t\t\t\t<\/div>\n\t\t<\/div>\n\t\t\t\t<div class=\"elementor-column elementor-col-50 elementor-top-column elementor-element elementor-element-7cfd8d9\" data-id=\"7cfd8d9\" data-element_type=\"column\" data-e-type=\"column\">\n\t\t\t<div class=\"elementor-widget-wrap elementor-element-populated\">\n\t\t\t\t\t\t<div class=\"elementor-element elementor-element-f690e2a elementor-widget elementor-widget-image\" data-id=\"f690e2a\" data-element_type=\"widget\" data-e-type=\"widget\" data-widget_type=\"image.default\">\n\t\t\t\t<div class=\"elementor-widget-container\">\n\t\t\t\t\t\t\t\t\t\t\t\t\t\t\t<img fetchpriority=\"high\" decoding=\"async\" width=\"1402\" height=\"1396\" src=\"https:\/\/lolafondation.com\/wp-content\/uploads\/2024\/11\/Screenshot-2024-10-27-at-9.27.20\u0393CPM.png\" class=\"attachment-full size-full wp-image-2638\" alt=\"\" srcset=\"https:\/\/lolafondation.com\/wp-content\/uploads\/2024\/11\/Screenshot-2024-10-27-at-9.27.20\u0393CPM.png 1402w, https:\/\/lolafondation.com\/wp-content\/uploads\/2024\/11\/Screenshot-2024-10-27-at-9.27.20\u0393CPM-300x300.png 300w, https:\/\/lolafondation.com\/wp-content\/uploads\/2024\/11\/Screenshot-2024-10-27-at-9.27.20\u0393CPM-1024x1020.png 1024w, https:\/\/lolafondation.com\/wp-content\/uploads\/2024\/11\/Screenshot-2024-10-27-at-9.27.20\u0393CPM-150x150.png 150w, https:\/\/lolafondation.com\/wp-content\/uploads\/2024\/11\/Screenshot-2024-10-27-at-9.27.20\u0393CPM-768x765.png 768w, https:\/\/lolafondation.com\/wp-content\/uploads\/2024\/11\/Screenshot-2024-10-27-at-9.27.20\u0393CPM-600x597.png 600w, https:\/\/lolafondation.com\/wp-content\/uploads\/2024\/11\/Screenshot-2024-10-27-at-9.27.20\u0393CPM-100x100.png 100w\" sizes=\"(max-width: 1402px) 100vw, 1402px\" \/>\t\t\t\t\t\t\t\t\t\t\t\t\t\t\t<\/div>\n\t\t\t\t<\/div>\n\t\t\t\t\t<\/div>\n\t\t<\/div>\n\t\t\t\t\t<\/div>\n\t\t<\/section>\n\t\t\t\t<\/div>","protected":false},"excerpt":{"rendered":"<p>Our Values Community Engagement : We believe in empowering communities to drive positive change by actively involving local voices in our programs. Inclusivity : Our programs are designed to break down barriers and ensure everyone, regardless of socioeconomic status, can benefit. Sustainability : We aim for long-term impact, with projects that evolve alongside the community&#8217;s [&hellip;]<\/p>\n","protected":false},"author":1,"featured_media":0,"parent":0,"menu_order":0,"comment_status":"closed","ping_status":"closed","template":"elementor_header_footer","meta":{"give_campaign_id":0,"footnotes":""},"class_list":["post-17","page","type-page","status-publish","hentry"],"campaignId":"","_links":{"self":[{"href":"https:\/\/lolafondation.com\/fr\/wp-json\/wp\/v2\/pages\/17","targetHints":{"allow":["GET"]}}],"collection":[{"href":"https:\/\/lolafondation.com\/fr\/wp-json\/wp\/v2\/pages"}],"about":[{"href":"https:\/\/lolafondation.com\/fr\/wp-json\/wp\/v2\/types\/page"}],"author":[{"embeddable":true,"href":"https:\/\/lolafondation.com\/fr\/wp-json\/wp\/v2\/users\/1"}],"replies":[{"embeddable":true,"href":"https:\/\/lolafondation.com\/fr\/wp-json\/wp\/v2\/comments?post=17"}],"version-history":[{"count":140,"href":"https:\/\/lolafondation.com\/fr\/wp-json\/wp\/v2\/pages\/17\/revisions"}],"predecessor-version":[{"id":2946,"href":"https:\/\/lolafondation.com\/fr\/wp-json\/wp\/v2\/pages\/17\/revisions\/2946"}],"wp:attachment":[{"href":"https:\/\/lolafondation.com\/fr\/wp-json\/wp\/v2\/media?parent=17"}],"curies":[{"name":"wp","href":"https:\/\/api.w.org\/{rel}","templated":true}]}}