{"id":12,"date":"2024-10-21T04:07:22","date_gmt":"2024-10-21T04:07:22","guid":{"rendered":"https:\/\/lolafondation.com\/?page_id=12"},"modified":"2024-11-05T09:56:54","modified_gmt":"2024-11-05T09:56:54","slug":"about-us","status":"publish","type":"page","link":"https:\/\/lolafondation.com\/fr\/about-us\/","title":{"rendered":"\u00c0 propos de nous"},"content":{"rendered":"<div data-elementor-type=\"wp-page\" data-elementor-id=\"12\" class=\"elementor elementor-12\" data-elementor-post-type=\"page\">\n\t\t\t\t\t\t<section class=\"elementor-section elementor-top-section elementor-element elementor-element-905fac6 elementor-section-height-min-height elementor-section-boxed elementor-section-height-default elementor-section-items-middle\" data-id=\"905fac6\" data-element_type=\"section\" data-e-type=\"section\" data-settings=\"{&quot;jet_parallax_layout_list&quot;:[],&quot;background_background&quot;:&quot;classic&quot;}\">\n\t\t\t\t\t\t\t<div class=\"elementor-background-overlay\"><\/div>\n\t\t\t\t\t\t\t<div class=\"elementor-container elementor-column-gap-no\">\n\t\t\t\t\t<div class=\"elementor-column elementor-col-100 elementor-top-column elementor-element elementor-element-176d721\" data-id=\"176d721\" data-element_type=\"column\" data-e-type=\"column\">\n\t\t\t<div class=\"elementor-widget-wrap elementor-element-populated\">\n\t\t\t\t\t\t<div class=\"elementor-element elementor-element-f0125b4 elementor-widget elementor-widget-heading\" data-id=\"f0125b4\" data-element_type=\"widget\" data-e-type=\"widget\" data-widget_type=\"heading.default\">\n\t\t\t\t<div class=\"elementor-widget-container\">\n\t\t\t\t\t<h2 class=\"elementor-heading-title elementor-size-default\">\u00c0 propos de nous<\/h2>\t\t\t\t<\/div>\n\t\t\t\t<\/div>\n\t\t\t\t\t<\/div>\n\t\t<\/div>\n\t\t\t\t\t<\/div>\n\t\t<\/section>\n\t\t\t\t<section class=\"elementor-section elementor-top-section elementor-element elementor-element-4c818a7 elementor-section-boxed elementor-section-height-default elementor-section-height-default\" data-id=\"4c818a7\" data-element_type=\"section\" data-e-type=\"section\" data-settings=\"{&quot;jet_parallax_layout_list&quot;:[],&quot;background_background&quot;:&quot;classic&quot;}\">\n\t\t\t\t\t\t\t<div class=\"elementor-background-overlay\"><\/div>\n\t\t\t\t\t\t\t<div class=\"elementor-container elementor-column-gap-no\">\n\t\t\t\t\t<div class=\"elementor-column elementor-col-100 elementor-top-column elementor-element elementor-element-b2aa0e6\" data-id=\"b2aa0e6\" data-element_type=\"column\" data-e-type=\"column\">\n\t\t\t<div class=\"elementor-widget-wrap elementor-element-populated\">\n\t\t\t\t\t\t<div class=\"elementor-element elementor-element-9da9bed elementor-widget elementor-widget-heading\" data-id=\"9da9bed\" data-element_type=\"widget\" data-e-type=\"widget\" data-widget_type=\"heading.default\">\n\t\t\t\t<div class=\"elementor-widget-container\">\n\t\t\t\t\t<h2 class=\"elementor-heading-title elementor-size-default\">Introduction<\/h2>\t\t\t\t<\/div>\n\t\t\t\t<\/div>\n\t\t\t\t<div class=\"elementor-element elementor-element-a818690 elementor-widget elementor-widget-text-editor\" data-id=\"a818690\" data-element_type=\"widget\" data-e-type=\"widget\" data-widget_type=\"text-editor.default\">\n\t\t\t\t<div class=\"elementor-widget-container\">\n\t\t\t\t\t\t\t\t\tFondation LoLa est une initiative familiale qui vise \u00e0 am\u00e9liorer l\u2019alphab\u00e9tisation et l\u2019acc\u00e8s aux ressources \u00e9ducatives dans les communaut\u00e9s d\u00e9favoris\u00e9es, notamment en R\u00e9publique d\u00e9mocratique du Congo. Fond\u00e9e par un groupe de proches passionn\u00e9s par l'\u00e9ducation, nous cherchons \u00e0 inspirer un amour de la lecture et de l\u2019apprentissage tout au long de la vie.\t\t\t\t\t\t\t\t<\/div>\n\t\t\t\t<\/div>\n\t\t\t\t\t<\/div>\n\t\t<\/div>\n\t\t\t\t\t<\/div>\n\t\t<\/section>\n\t\t\t\t<section class=\"elementor-section elementor-top-section elementor-element elementor-element-fb4ef39 elementor-section-boxed elementor-section-height-default elementor-section-height-default\" data-id=\"fb4ef39\" data-element_type=\"section\" data-e-type=\"section\" data-settings=\"{&quot;jet_parallax_layout_list&quot;:[],&quot;background_background&quot;:&quot;classic&quot;}\">\n\t\t\t\t\t\t\t<div class=\"elementor-background-overlay\"><\/div>\n\t\t\t\t\t\t\t<div class=\"elementor-container elementor-column-gap-no\">\n\t\t\t\t\t<div class=\"elementor-column elementor-col-50 elementor-top-column elementor-element elementor-element-5fab52c\" data-id=\"5fab52c\" data-element_type=\"column\" data-e-type=\"column\">\n\t\t\t<div class=\"elementor-widget-wrap elementor-element-populated\">\n\t\t\t\t\t\t<div class=\"elementor-element elementor-element-650ec78 elementor-widget elementor-widget-image\" data-id=\"650ec78\" data-element_type=\"widget\" data-e-type=\"widget\" data-widget_type=\"image.default\">\n\t\t\t\t<div class=\"elementor-widget-container\">\n\t\t\t\t\t\t\t\t\t\t\t\t\t\t\t<img fetchpriority=\"high\" decoding=\"async\" width=\"1488\" height=\"1480\" src=\"https:\/\/lolafondation.com\/wp-content\/uploads\/2024\/11\/Screenshot-2024-10-27-at-10.05.16\u0393CPM.png\" class=\"attachment-full size-full wp-image-2630\" alt=\"\" srcset=\"https:\/\/lolafondation.com\/wp-content\/uploads\/2024\/11\/Screenshot-2024-10-27-at-10.05.16\u0393CPM.png 1488w, https:\/\/lolafondation.com\/wp-content\/uploads\/2024\/11\/Screenshot-2024-10-27-at-10.05.16\u0393CPM-300x298.png 300w, https:\/\/lolafondation.com\/wp-content\/uploads\/2024\/11\/Screenshot-2024-10-27-at-10.05.16\u0393CPM-1024x1018.png 1024w, https:\/\/lolafondation.com\/wp-content\/uploads\/2024\/11\/Screenshot-2024-10-27-at-10.05.16\u0393CPM-150x150.png 150w, https:\/\/lolafondation.com\/wp-content\/uploads\/2024\/11\/Screenshot-2024-10-27-at-10.05.16\u0393CPM-768x764.png 768w, https:\/\/lolafondation.com\/wp-content\/uploads\/2024\/11\/Screenshot-2024-10-27-at-10.05.16\u0393CPM-600x597.png 600w, https:\/\/lolafondation.com\/wp-content\/uploads\/2024\/11\/Screenshot-2024-10-27-at-10.05.16\u0393CPM-100x100.png 100w\" sizes=\"(max-width: 1488px) 100vw, 1488px\" \/>\t\t\t\t\t\t\t\t\t\t\t\t\t\t\t<\/div>\n\t\t\t\t<\/div>\n\t\t\t\t\t<\/div>\n\t\t<\/div>\n\t\t\t\t<div class=\"elementor-column elementor-col-50 elementor-top-column elementor-element elementor-element-380746c\" data-id=\"380746c\" data-element_type=\"column\" data-e-type=\"column\">\n\t\t\t<div class=\"elementor-widget-wrap elementor-element-populated\">\n\t\t\t\t\t\t<div class=\"elementor-element elementor-element-ce08279 elementor-widget elementor-widget-heading\" data-id=\"ce08279\" data-element_type=\"widget\" data-e-type=\"widget\" data-widget_type=\"heading.default\">\n\t\t\t\t<div class=\"elementor-widget-container\">\n\t\t\t\t\t<h2 class=\"elementor-heading-title elementor-size-default\">Notre Histoire<\/h2>\t\t\t\t<\/div>\n\t\t\t\t<\/div>\n\t\t\t\t<div class=\"elementor-element elementor-element-b463888 elementor-widget elementor-widget-text-editor\" data-id=\"b463888\" data-element_type=\"widget\" data-e-type=\"widget\" data-widget_type=\"text-editor.default\">\n\t\t\t\t<div class=\"elementor-widget-container\">\n\t\t\t\t\t\t\t\t\tL'histoire de la Fondation LoLa a commenc\u00e9 comme un r\u00eave familial, inspir\u00e9 par une passion commune pour l'\u00e9ducation et le d\u00e9sir de redonner. Tout a commenc\u00e9 par la transformation de notre maison d'enfance en une biblioth\u00e8que communautaire, s'inspirant des biblioth\u00e8ques d'Edmonton, au Canada, o\u00f9 l'un de nos fondateurs \u00e9tait toujours captiv\u00e9 par la richesse des ressources disponibles, ce qui a suscit\u00e9 l'id\u00e9e de cr\u00e9er un espace similaire pour les communaut\u00e9s dans le besoin.\n\t\t\t\t\t\t\t\t<\/div>\n\t\t\t\t<\/div>\n\t\t\t\t<div class=\"elementor-element elementor-element-5c28ee3 elementor-widget elementor-widget-text-editor\" data-id=\"5c28ee3\" data-element_type=\"widget\" data-e-type=\"widget\" data-widget_type=\"text-editor.default\">\n\t\t\t\t<div class=\"elementor-widget-container\">\n\t\t\t\t\t\t\t\t\tLes fondateurs de la fondation comprennent des enseignants, un m\u00e9decin et un cadre d'entreprise, chacun apportant son expertise unique pour promouvoir l\u2019alphab\u00e9tisation et cr\u00e9er un changement durable.\n\t\t\t\t\t\t\t\t<\/div>\n\t\t\t\t<\/div>\n\t\t\t\t\t<\/div>\n\t\t<\/div>\n\t\t\t\t\t<\/div>\n\t\t<\/section>\n\t\t\t\t<section class=\"elementor-section elementor-top-section elementor-element elementor-element-84c1a23 elementor-section-boxed elementor-section-height-default elementor-section-height-default\" data-id=\"84c1a23\" data-element_type=\"section\" data-e-type=\"section\" data-settings=\"{&quot;jet_parallax_layout_list&quot;:[],&quot;background_background&quot;:&quot;classic&quot;}\">\n\t\t\t\t\t\t<div class=\"elementor-container elementor-column-gap-no\">\n\t\t\t\t\t<div class=\"elementor-column elementor-col-50 elementor-top-column elementor-element elementor-element-031a25e\" data-id=\"031a25e\" data-element_type=\"column\" data-e-type=\"column\">\n\t\t\t<div class=\"elementor-widget-wrap elementor-element-populated\">\n\t\t\t\t\t\t<div class=\"elementor-element elementor-element-9671122 elementor-widget elementor-widget-image\" data-id=\"9671122\" data-element_type=\"widget\" data-e-type=\"widget\" data-widget_type=\"image.default\">\n\t\t\t\t<div class=\"elementor-widget-container\">\n\t\t\t\t\t\t\t\t\t\t\t\t\t\t\t<img decoding=\"async\" width=\"2560\" height=\"1440\" src=\"https:\/\/lolafondation.com\/wp-content\/uploads\/2024\/11\/teacher-helping-kids-class-1-scaled.jpg\" class=\"attachment-full size-full wp-image-2804\" alt=\"\" srcset=\"https:\/\/lolafondation.com\/wp-content\/uploads\/2024\/11\/teacher-helping-kids-class-1-scaled.jpg 2560w, https:\/\/lolafondation.com\/wp-content\/uploads\/2024\/11\/teacher-helping-kids-class-1-300x169.jpg 300w, https:\/\/lolafondation.com\/wp-content\/uploads\/2024\/11\/teacher-helping-kids-class-1-1024x576.jpg 1024w, https:\/\/lolafondation.com\/wp-content\/uploads\/2024\/11\/teacher-helping-kids-class-1-768x432.jpg 768w, https:\/\/lolafondation.com\/wp-content\/uploads\/2024\/11\/teacher-helping-kids-class-1-1536x864.jpg 1536w, https:\/\/lolafondation.com\/wp-content\/uploads\/2024\/11\/teacher-helping-kids-class-1-2048x1152.jpg 2048w, https:\/\/lolafondation.com\/wp-content\/uploads\/2024\/11\/teacher-helping-kids-class-1-18x10.jpg 18w, https:\/\/lolafondation.com\/wp-content\/uploads\/2024\/11\/teacher-helping-kids-class-1-600x338.jpg 600w\" sizes=\"(max-width: 2560px) 100vw, 2560px\" \/>\t\t\t\t\t\t\t\t\t\t\t\t\t\t\t<\/div>\n\t\t\t\t<\/div>\n\t\t\t\t<section class=\"elementor-section elementor-inner-section elementor-element elementor-element-cca7acb elementor-section-boxed elementor-section-height-default elementor-section-height-default\" data-id=\"cca7acb\" data-element_type=\"section\" data-e-type=\"section\" data-settings=\"{&quot;jet_parallax_layout_list&quot;:[],&quot;background_background&quot;:&quot;classic&quot;}\">\n\t\t\t\t\t\t<div class=\"elementor-container elementor-column-gap-no\">\n\t\t\t\t\t<div class=\"elementor-column elementor-col-100 elementor-inner-column elementor-element elementor-element-9d39138\" data-id=\"9d39138\" data-element_type=\"column\" data-e-type=\"column\" data-settings=\"{&quot;background_background&quot;:&quot;classic&quot;}\">\n\t\t\t<div class=\"elementor-widget-wrap elementor-element-populated\">\n\t\t\t\t\t\t<div class=\"elementor-element elementor-element-d856911 elementor-widget elementor-widget-heading\" data-id=\"d856911\" data-element_type=\"widget\" data-e-type=\"widget\" data-widget_type=\"heading.default\">\n\t\t\t\t<div class=\"elementor-widget-container\">\n\t\t\t\t\t<h2 class=\"elementor-heading-title elementor-size-default\">Mission<\/h2>\t\t\t\t<\/div>\n\t\t\t\t<\/div>\n\t\t\t\t<div class=\"elementor-element elementor-element-ab9733d elementor-widget elementor-widget-text-editor\" data-id=\"ab9733d\" data-element_type=\"widget\" data-e-type=\"widget\" data-widget_type=\"text-editor.default\">\n\t\t\t\t<div class=\"elementor-widget-container\">\n\t\t\t\t\t\t\t\t\tOffrir des ressources \u00e9ducatives de qualit\u00e9, accessibles \u00e0 tous, et inspirer l\u2019alphab\u00e9tisation et l\u2019\u00e9panouissement dans les communaut\u00e9s d\u00e9favoris\u00e9es.\t\t\t\t\t\t\t\t<\/div>\n\t\t\t\t<\/div>\n\t\t\t\t\t<\/div>\n\t\t<\/div>\n\t\t\t\t\t<\/div>\n\t\t<\/section>\n\t\t\t\t\t<\/div>\n\t\t<\/div>\n\t\t\t\t<div class=\"elementor-column elementor-col-50 elementor-top-column elementor-element elementor-element-c6c2e96\" data-id=\"c6c2e96\" data-element_type=\"column\" data-e-type=\"column\">\n\t\t\t<div class=\"elementor-widget-wrap elementor-element-populated\">\n\t\t\t\t\t\t<div class=\"elementor-element elementor-element-ac9adb8 elementor-widget elementor-widget-image\" data-id=\"ac9adb8\" data-element_type=\"widget\" data-e-type=\"widget\" data-widget_type=\"image.default\">\n\t\t\t\t<div class=\"elementor-widget-container\">\n\t\t\t\t\t\t\t\t\t\t\t\t\t\t\t<img decoding=\"async\" width=\"1520\" height=\"1512\" src=\"https:\/\/lolafondation.com\/wp-content\/uploads\/2024\/11\/Screenshot-2024-10-27-at-9.54.10\u0393CPM.png\" class=\"attachment-full size-full wp-image-2632\" alt=\"\" srcset=\"https:\/\/lolafondation.com\/wp-content\/uploads\/2024\/11\/Screenshot-2024-10-27-at-9.54.10\u0393CPM.png 1520w, https:\/\/lolafondation.com\/wp-content\/uploads\/2024\/11\/Screenshot-2024-10-27-at-9.54.10\u0393CPM-300x298.png 300w, https:\/\/lolafondation.com\/wp-content\/uploads\/2024\/11\/Screenshot-2024-10-27-at-9.54.10\u0393CPM-1024x1019.png 1024w, https:\/\/lolafondation.com\/wp-content\/uploads\/2024\/11\/Screenshot-2024-10-27-at-9.54.10\u0393CPM-150x150.png 150w, https:\/\/lolafondation.com\/wp-content\/uploads\/2024\/11\/Screenshot-2024-10-27-at-9.54.10\u0393CPM-768x764.png 768w, https:\/\/lolafondation.com\/wp-content\/uploads\/2024\/11\/Screenshot-2024-10-27-at-9.54.10\u0393CPM-600x597.png 600w, https:\/\/lolafondation.com\/wp-content\/uploads\/2024\/11\/Screenshot-2024-10-27-at-9.54.10\u0393CPM-100x100.png 100w\" sizes=\"(max-width: 1520px) 100vw, 1520px\" \/>\t\t\t\t\t\t\t\t\t\t\t\t\t\t\t<\/div>\n\t\t\t\t<\/div>\n\t\t\t\t<section class=\"elementor-section elementor-inner-section elementor-element elementor-element-123622f elementor-section-boxed elementor-section-height-default elementor-section-height-default\" data-id=\"123622f\" data-element_type=\"section\" data-e-type=\"section\" data-settings=\"{&quot;jet_parallax_layout_list&quot;:[],&quot;background_background&quot;:&quot;classic&quot;}\">\n\t\t\t\t\t\t<div class=\"elementor-container elementor-column-gap-no\">\n\t\t\t\t\t<div class=\"elementor-column elementor-col-100 elementor-inner-column elementor-element elementor-element-ea5ff8a\" data-id=\"ea5ff8a\" data-element_type=\"column\" data-e-type=\"column\" data-settings=\"{&quot;background_background&quot;:&quot;classic&quot;}\">\n\t\t\t<div class=\"elementor-widget-wrap elementor-element-populated\">\n\t\t\t\t\t\t<div class=\"elementor-element elementor-element-7d81770 elementor-widget elementor-widget-heading\" data-id=\"7d81770\" data-element_type=\"widget\" data-e-type=\"widget\" data-widget_type=\"heading.default\">\n\t\t\t\t<div class=\"elementor-widget-container\">\n\t\t\t\t\t<h2 class=\"elementor-heading-title elementor-size-default\">Vision<\/h2>\t\t\t\t<\/div>\n\t\t\t\t<\/div>\n\t\t\t\t<div class=\"elementor-element elementor-element-62bef1e elementor-widget elementor-widget-text-editor\" data-id=\"62bef1e\" data-element_type=\"widget\" data-e-type=\"widget\" data-widget_type=\"text-editor.default\">\n\t\t\t\t<div class=\"elementor-widget-container\">\n\t\t\t\t\t\t\t\t\t<span style=\"font-weight: 400;\">Cr\u00e9er un monde o\u00f9 chacun, quel que soit son milieu, peut acc\u00e9der aux ressources n\u00e9cessaires pour nourrir un amour de l'apprentissage tout au long de la vie.<\/span>\n\t\t\t\t\t\t\t\t<\/div>\n\t\t\t\t<\/div>\n\t\t\t\t\t<\/div>\n\t\t<\/div>\n\t\t\t\t\t<\/div>\n\t\t<\/section>\n\t\t\t\t\t<\/div>\n\t\t<\/div>\n\t\t\t\t\t<\/div>\n\t\t<\/section>\n\t\t\t\t<section class=\"elementor-section elementor-top-section elementor-element elementor-element-1c0237f elementor-section-boxed elementor-section-height-default elementor-section-height-default\" data-id=\"1c0237f\" data-element_type=\"section\" data-e-type=\"section\" data-settings=\"{&quot;jet_parallax_layout_list&quot;:[],&quot;background_background&quot;:&quot;classic&quot;}\">\n\t\t\t\t\t\t<div class=\"elementor-container elementor-column-gap-no\">\n\t\t\t\t\t<div class=\"elementor-column elementor-col-100 elementor-top-column elementor-element elementor-element-f2c0bf0\" data-id=\"f2c0bf0\" data-element_type=\"column\" data-e-type=\"column\">\n\t\t\t<div class=\"elementor-widget-wrap elementor-element-populated\">\n\t\t\t\t\t\t<div class=\"elementor-element elementor-element-64681e6 elementor-widget elementor-widget-heading\" data-id=\"64681e6\" data-element_type=\"widget\" data-e-type=\"widget\" data-widget_type=\"heading.default\">\n\t\t\t\t<div class=\"elementor-widget-container\">\n\t\t\t\t\t<h2 class=\"elementor-heading-title elementor-size-default\">Notre \u00c9quipe<\/h2>\t\t\t\t<\/div>\n\t\t\t\t<\/div>\n\t\t\t\t<div class=\"elementor-element elementor-element-66bd775 elementor-widget elementor-widget-text-editor\" data-id=\"66bd775\" data-element_type=\"widget\" data-e-type=\"widget\" data-widget_type=\"text-editor.default\">\n\t\t\t\t<div class=\"elementor-widget-container\">\n\t\t\t\t\t\t\t\t\tNotre \u00e9quipe diversifi\u00e9e, compos\u00e9e d'\u00e9ducateurs, de professionnels de la sant\u00e9 et de chefs d'entreprise, apporte un m\u00e9lange unique de comp\u00e9tences pour faire avancer la mission de la Fondation LoLa, en promouvant l'alphab\u00e9tisation et en cr\u00e9ant un impact durable.\t\t\t\t\t\t\t\t<\/div>\n\t\t\t\t<\/div>\n\t\t\t\t\t<\/div>\n\t\t<\/div>\n\t\t\t\t\t<\/div>\n\t\t<\/section>\n\t\t\t\t<\/div>","protected":false},"excerpt":{"rendered":"<p>About Us Introduction Fondation LoLa is a family initiative focused on improving literacy and access to educational resources in underprivileged communities, especially in the Congo. Founded by a group of relatives passionate about education, we aim to inspire a lifelong love of reading and learning. Our Story Fondation LoLa&#8217;s journey began as a family dream, [&hellip;]<\/p>\n","protected":false},"author":1,"featured_media":0,"parent":0,"menu_order":0,"comment_status":"closed","ping_status":"closed","template":"elementor_header_footer","meta":{"give_campaign_id":0,"footnotes":""},"class_list":["post-12","page","type-page","status-publish","hentry"],"campaignId":"","_links":{"self":[{"href":"https:\/\/lolafondation.com\/fr\/wp-json\/wp\/v2\/pages\/12","targetHints":{"allow":["GET"]}}],"collection":[{"href":"https:\/\/lolafondation.com\/fr\/wp-json\/wp\/v2\/pages"}],"about":[{"href":"https:\/\/lolafondation.com\/fr\/wp-json\/wp\/v2\/types\/page"}],"author":[{"embeddable":true,"href":"https:\/\/lolafondation.com\/fr\/wp-json\/wp\/v2\/users\/1"}],"replies":[{"embeddable":true,"href":"https:\/\/lolafondation.com\/fr\/wp-json\/wp\/v2\/comments?post=12"}],"version-history":[{"count":440,"href":"https:\/\/lolafondation.com\/fr\/wp-json\/wp\/v2\/pages\/12\/revisions"}],"predecessor-version":[{"id":2934,"href":"https:\/\/lolafondation.com\/fr\/wp-json\/wp\/v2\/pages\/12\/revisions\/2934"}],"wp:attachment":[{"href":"https:\/\/lolafondation.com\/fr\/wp-json\/wp\/v2\/media?parent=12"}],"curies":[{"name":"wp","href":"https:\/\/api.w.org\/{rel}","templated":true}]}}